{"id":163,"date":"2023-04-06T10:26:47","date_gmt":"2023-04-06T08:26:47","guid":{"rendered":"https:\/\/hestija5.wordpress.com\/?page_id=163"},"modified":"2023-04-06T10:26:47","modified_gmt":"2023-04-06T08:26:47","slug":"link-in-bio","status":"publish","type":"page","link":"https:\/\/hestijaudruzenje.rs\/?page_id=163","title":{"rendered":"Korisni linkovi"},"content":{"rendered":"\n<div class=\"wp-block-cover alignfull is-light\" style=\"min-height:556px\"><span aria-hidden=\"true\" class=\"wp-block-cover__background has-white-background-color has-background-dim-100 has-background-dim\"><\/span><div class=\"wp-block-cover__inner-container\">\n<div class=\"wp-block-group has-black-color has-text-color has-link-color wp-elements-17c07ba279c0760440ccf85068af7086 is-layout-constrained\"><div class=\"wp-block-group__inner-container\">\n<div class=\"wp-block-buttons is-horizontal is-content-justification-center is-layout-flex wp-container-1\">\n<div class=\"wp-block-button has-custom-width wp-block-button__width-100 is-style-fill\"><a class=\"wp-block-button__link has-white-color has-text-color has-background wp-element-button\" href=\"https:\/\/drdjurovic.rs\/\" style=\"background-color:#5e5454\">Dr \u0110urovi\u0107<\/a><\/div>\n\n\n\n<div class=\"wp-block-button has-custom-width wp-block-button__width-100 is-style-fill\"><a class=\"wp-block-button__link has-white-color has-text-color has-background wp-element-button\" href=\"http:\/\/dragisamisovic.bg.ac.rs\/stranice\/bolnica_za_psihijatriju_pacijenti.htm#cyr\" style=\"background-color:#5e5454\" target=\"_blank\" rel=\"noreferrer noopener\">KBC &#8220;Dr Dragi\u0161a Mi\u0161ovi\u0107&#8221;<\/a><\/div>\n\n\n\n<div class=\"wp-block-button has-custom-width wp-block-button__width-100 is-style-fill\"><a class=\"wp-block-button__link has-white-color has-text-color has-background wp-element-button\" href=\"https:\/\/eatingdisorders.com\/articles\/treatment-articles\/maudsley-approach\" style=\"background-color:#5e5454\" target=\"_blank\" rel=\"noreferrer noopener\">Maudsley Method<\/a><\/div>\n\n\n\n<div class=\"wp-block-button has-custom-width wp-block-button__width-100 is-style-fill\"><a class=\"wp-block-button__link has-white-color has-text-color has-background wp-element-button\" href=\"https:\/\/www.mixcloud.com\/U_raljama_ose%C4%87anja\/u-raljama-ose%C4%87anja-37-poreme%C4%87aji-ishrane-%C5%A1ta-je-ispod-vrha-ledenog-brega\/\" style=\"background-color:#5e5454\" target=\"_blank\" rel=\"noreferrer noopener\">U raljama ose\u0107anja &#8211; Poreme\u0107aji ishrane<\/a><\/div>\n\n\n\n<div class=\"wp-block-button has-custom-width wp-block-button__width-100 is-style-fill\"><a class=\"wp-block-button__link has-white-color has-text-color has-background wp-element-button\" href=\"https:\/\/www.youtube.com\/@dvaipopsihijatra\" style=\"background-color:#5e5454\" target=\"_blank\" rel=\"noreferrer noopener\">Dva i po psihijatra<\/a><\/div>\n<\/div>\n<\/div><\/div>\n<\/div><\/div>\n\n\n\n<p><\/p>\n","protected":false},"excerpt":{"rendered":"","protected":false},"author":1,"featured_media":0,"parent":0,"menu_order":0,"comment_status":"closed","ping_status":"closed","template":"","meta":[],"_links":{"self":[{"href":"https:\/\/hestijaudruzenje.rs\/index.php?rest_route=\/wp\/v2\/pages\/163"}],"collection":[{"href":"https:\/\/hestijaudruzenje.rs\/index.php?rest_route=\/wp\/v2\/pages"}],"about":[{"href":"https:\/\/hestijaudruzenje.rs\/index.php?rest_route=\/wp\/v2\/types\/page"}],"author":[{"embeddable":true,"href":"https:\/\/hestijaudruzenje.rs\/index.php?rest_route=\/wp\/v2\/users\/1"}],"replies":[{"embeddable":true,"href":"https:\/\/hestijaudruzenje.rs\/index.php?rest_route=%2Fwp%2Fv2%2Fcomments&post=163"}],"version-history":[{"count":0,"href":"https:\/\/hestijaudruzenje.rs\/index.php?rest_route=\/wp\/v2\/pages\/163\/revisions"}],"wp:attachment":[{"href":"https:\/\/hestijaudruzenje.rs\/index.php?rest_route=%2Fwp%2Fv2%2Fmedia&parent=163"}],"curies":[{"name":"wp","href":"https:\/\/api.w.org\/{rel}","templated":true}]}}