{"id":170,"date":"2023-04-06T10:39:54","date_gmt":"2023-04-06T08:39:54","guid":{"rendered":"https:\/\/hestija5.wordpress.com\/?page_id=170"},"modified":"2023-04-06T10:39:54","modified_gmt":"2023-04-06T08:39:54","slug":"blog-2","status":"publish","type":"page","link":"https:\/\/hestijaudruzenje.rs\/?page_id=170","title":{"rendered":"DONIRAJ"},"content":{"rendered":"\n<div style=\"margin-top:0px;margin-bottom:0px;height:30px\" aria-hidden=\"true\" class=\"wp-block-spacer\"><\/div>\n\n\n\n<p class=\"has-text-align-center\">Uplate mo\u017eete izvr\u0161iti na dinarski ili devizni ra\u010dun udru\u017eenja Hestija:<\/p>\n\n\n\n<p><\/p>\n\n\n\n<figure class=\"wp-block-image size-large is-resized\"><img decoding=\"async\" loading=\"lazy\" src=\"https:\/\/hestijaudruzenje.rs\/wp-content\/uploads\/2023\/04\/picture1-1.png?w=1024\" alt=\"\" class=\"wp-image-379\" width=\"865\" height=\"202\" \/><\/figure>\n\n\n\n<p><\/p>\n\n\n\n<p class=\"has-huge-font-size\"><strong>HVALA!<\/strong><\/p>\n","protected":false},"excerpt":{"rendered":"<p>Uplate mo\u017eete izvr\u0161iti na dinarski ili devizni ra\u010dun udru\u017eenja Hestija: HVALA!<\/p>\n","protected":false},"author":1,"featured_media":0,"parent":0,"menu_order":0,"comment_status":"closed","ping_status":"closed","template":"","meta":[],"_links":{"self":[{"href":"https:\/\/hestijaudruzenje.rs\/index.php?rest_route=\/wp\/v2\/pages\/170"}],"collection":[{"href":"https:\/\/hestijaudruzenje.rs\/index.php?rest_route=\/wp\/v2\/pages"}],"about":[{"href":"https:\/\/hestijaudruzenje.rs\/index.php?rest_route=\/wp\/v2\/types\/page"}],"author":[{"embeddable":true,"href":"https:\/\/hestijaudruzenje.rs\/index.php?rest_route=\/wp\/v2\/users\/1"}],"replies":[{"embeddable":true,"href":"https:\/\/hestijaudruzenje.rs\/index.php?rest_route=%2Fwp%2Fv2%2Fcomments&post=170"}],"version-history":[{"count":0,"href":"https:\/\/hestijaudruzenje.rs\/index.php?rest_route=\/wp\/v2\/pages\/170\/revisions"}],"wp:attachment":[{"href":"https:\/\/hestijaudruzenje.rs\/index.php?rest_route=%2Fwp%2Fv2%2Fmedia&parent=170"}],"curies":[{"name":"wp","href":"https:\/\/api.w.org\/{rel}","templated":true}]}}