{"id":314,"date":"2023-04-10T15:37:35","date_gmt":"2023-04-10T13:37:35","guid":{"rendered":"https:\/\/hestija5.wordpress.com\/?page_id=314"},"modified":"2024-01-11T08:30:14","modified_gmt":"2024-01-11T08:30:14","slug":"portfolio","status":"publish","type":"page","link":"https:\/\/hestijaudruzenje.rs\/?page_id=314","title":{"rendered":"ISKUSTVA"},"content":{"rendered":"\n<div class=\"wp-block-columns alignwide is-layout-flex wp-container-3\">\n<div class=\"wp-block-column is-vertically-aligned-center is-layout-flow\">\n<figure class=\"wp-block-image size-full is-resized\"><img decoding=\"async\" loading=\"lazy\" src=\"https:\/\/hestijaudruzenje.rs\/wp-content\/uploads\/2024\/01\/a-3.jpg\" alt=\"\" class=\"wp-image-724\" width=\"419\" height=\"314\" srcset=\"https:\/\/hestijaudruzenje.rs\/wp-content\/uploads\/2024\/01\/a-3.jpg 605w, https:\/\/hestijaudruzenje.rs\/wp-content\/uploads\/2024\/01\/a-3-300x225.jpg 300w\" sizes=\"(max-width: 419px) 100vw, 419px\" \/><\/figure>\n\n\n\n<p><strong><a href=\"https:\/\/hestijaudruzenje.rs\/?page_id=739(opens in a new tab)\">U ringu sa anoreksijom<\/a><\/strong><\/p>\n<\/div>\n\n\n\n<div class=\"wp-block-column is-layout-flow\">\n<figure class=\"wp-block-image size-full is-resized\"><img decoding=\"async\" loading=\"lazy\" src=\"https:\/\/hestijaudruzenje.rs\/wp-content\/uploads\/2024\/01\/aaa-2.jpg\" alt=\"\" class=\"wp-image-725\" width=\"470\" height=\"310\" srcset=\"https:\/\/hestijaudruzenje.rs\/wp-content\/uploads\/2024\/01\/aaa-2.jpg 605w, https:\/\/hestijaudruzenje.rs\/wp-content\/uploads\/2024\/01\/aaa-2-300x198.jpg 300w\" sizes=\"(max-width: 470px) 100vw, 470px\" \/><\/figure>\n\n\n\n<p><strong><a href=\"https:\/\/hestijaudruzenje.rs\/?page_id=754\">Moja borba sa anoreksijom &#8211; skupe gre\u0161ke lekara<\/a><\/strong><\/p>\n<\/div>\n<\/div>\n\n\n\n<div class=\"wp-block-jetpack-layout-grid alignfull column1-desktop-grid__span-3 column1-desktop-grid__start-3 column1-desktop-grid__row-1 column2-desktop-grid__span-2 column2-desktop-grid__start-7 column2-desktop-grid__row-1 column1-tablet-grid__span-4 column1-tablet-grid__row-1 column2-tablet-grid__span-4 column2-tablet-grid__start-5 column2-tablet-grid__row-1 column1-mobile-grid__span-4 column1-mobile-grid__row-1 column2-mobile-grid__span-4 column2-mobile-grid__row-2\">\n<div class=\"wp-block-jetpack-layout-grid-column wp-block-jetpack-layout-grid__padding-none\">\n<figure class=\"wp-block-image size-full is-resized\"><img decoding=\"async\" loading=\"lazy\" src=\"https:\/\/hestijaudruzenje.rs\/wp-content\/uploads\/2023\/04\/pexels-photo-3326738-1-1.jpeg\" alt=\"\" class=\"wp-image-331\" width=\"265\" height=\"383\"\/><\/figure>\n\n\n\n<h5 class=\"wp-block-heading has-text-align-center has-normal-font-size\"><a href=\"https:\/\/hestijaudruzenje.rs\/?page_id=699\">Jo\u0161 jedna pri\u010da &#8211; Diet Culture<\/a><\/h5>\n<\/div>\n\n\n\n<div class=\"wp-block-jetpack-layout-grid-column wp-block-jetpack-layout-grid__padding-none\">\n<div style=\"height:64px\" aria-hidden=\"true\" class=\"wp-block-spacer\"><\/div>\n\n\n\n<figure class=\"wp-block-image size-large is-resized\"><img decoding=\"async\" loading=\"lazy\" src=\"https:\/\/hestijaudruzenje.rs\/wp-content\/uploads\/2023\/04\/iskustva3.png?w=474\" alt=\"\" class=\"wp-image-332\" width=\"276\" height=\"266\"\/><\/figure>\n\n\n\n<h5 class=\"wp-block-heading has-text-align-center has-normal-font-size\"><a href=\"https:\/\/vm.tiktok.com\/ZM6ufFcyL\/\">Tiktok video devojke koja se izborila sa poreme\u0107ajem u ishrani<\/a><\/h5>\n<\/div>\n<\/div>\n\n\n\n<p><\/p>\n\n\n\n<div class=\"wp-block-jetpack-layout-grid alignfull column1-desktop-grid__span-3 column1-desktop-grid__start-3 column1-desktop-grid__row-1 column2-desktop-grid__span-3 column2-desktop-grid__start-7 column2-desktop-grid__row-1 column1-tablet-grid__span-4 column1-tablet-grid__row-1 column2-tablet-grid__span-4 column2-tablet-grid__start-5 column2-tablet-grid__row-1 column1-mobile-grid__span-4 column1-mobile-grid__row-1 column2-mobile-grid__span-4 column2-mobile-grid__row-2 are-vertically-aligned-bottom\">\n<div class=\"wp-block-jetpack-layout-grid-column wp-block-jetpack-layout-grid__padding-none is-vertically-aligned-bottom\">\n<figure class=\"wp-block-image size-large is-resized\"><img decoding=\"async\" loading=\"lazy\" src=\"https:\/\/hestijaudruzenje.rs\/wp-content\/uploads\/2023\/04\/iskustva1-1-2.png?w=750\" alt=\"\" class=\"wp-image-323\" width=\"362\" height=\"221\"\/><\/figure>\n\n\n\n<p class=\"has-text-align-center\"><a href=\"https:\/\/hestijaudruzenje.rs\/?page_id=322\"><strong>Jedno iskustvo<\/strong><\/a><\/p>\n\n\n\n<p><\/p>\n<\/div>\n\n\n\n<div class=\"wp-block-jetpack-layout-grid-column wp-block-jetpack-layout-grid__padding-none\">\n<figure class=\"wp-block-image size-full is-resized\"><img decoding=\"async\" loading=\"lazy\" src=\"https:\/\/hestijaudruzenje.rs\/wp-content\/uploads\/2023\/04\/pexels-photo-6382530.jpeg\" alt=\"\" class=\"wp-image-355\" width=\"353\" height=\"235\" srcset=\"https:\/\/hestijaudruzenje.rs\/wp-content\/uploads\/2023\/04\/pexels-photo-6382530.jpeg 1880w, https:\/\/hestijaudruzenje.rs\/wp-content\/uploads\/2023\/04\/pexels-photo-6382530-300x200.jpeg 300w, https:\/\/hestijaudruzenje.rs\/wp-content\/uploads\/2023\/04\/pexels-photo-6382530-1024x682.jpeg 1024w, https:\/\/hestijaudruzenje.rs\/wp-content\/uploads\/2023\/04\/pexels-photo-6382530-768x512.jpeg 768w, https:\/\/hestijaudruzenje.rs\/wp-content\/uploads\/2023\/04\/pexels-photo-6382530-1536x1024.jpeg 1536w, https:\/\/hestijaudruzenje.rs\/wp-content\/uploads\/2023\/04\/pexels-photo-6382530-1568x1045.jpeg 1568w\" sizes=\"(max-width: 353px) 100vw, 353px\" \/><\/figure>\n\n\n\n<h5 class=\"wp-block-heading has-text-align-center has-normal-font-size\"><a href=\"https:\/\/hestijaudruzenje.rs\/?page_id=347\">Pismo jedne majke<\/a><\/h5>\n<\/div>\n<\/div>\n","protected":false},"excerpt":{"rendered":"<p>U ringu sa anoreksijom Moja borba sa anoreksijom &#8211; skupe gre\u0161ke lekara Jo\u0161 jedna pri\u010da &#8211; Diet Culture Tiktok video devojke koja se izborila sa poreme\u0107ajem u ishrani Jedno iskustvo Pismo jedne majke<\/p>\n","protected":false},"author":1,"featured_media":0,"parent":0,"menu_order":0,"comment_status":"closed","ping_status":"closed","template":"","meta":[],"_links":{"self":[{"href":"https:\/\/hestijaudruzenje.rs\/index.php?rest_route=\/wp\/v2\/pages\/314"}],"collection":[{"href":"https:\/\/hestijaudruzenje.rs\/index.php?rest_route=\/wp\/v2\/pages"}],"about":[{"href":"https:\/\/hestijaudruzenje.rs\/index.php?rest_route=\/wp\/v2\/types\/page"}],"author":[{"embeddable":true,"href":"https:\/\/hestijaudruzenje.rs\/index.php?rest_route=\/wp\/v2\/users\/1"}],"replies":[{"embeddable":true,"href":"https:\/\/hestijaudruzenje.rs\/index.php?rest_route=%2Fwp%2Fv2%2Fcomments&post=314"}],"version-history":[{"count":29,"href":"https:\/\/hestijaudruzenje.rs\/index.php?rest_route=\/wp\/v2\/pages\/314\/revisions"}],"predecessor-version":[{"id":798,"href":"https:\/\/hestijaudruzenje.rs\/index.php?rest_route=\/wp\/v2\/pages\/314\/revisions\/798"}],"wp:attachment":[{"href":"https:\/\/hestijaudruzenje.rs\/index.php?rest_route=%2Fwp%2Fv2%2Fmedia&parent=314"}],"curies":[{"name":"wp","href":"https:\/\/api.w.org\/{rel}","templated":true}]}}