{"id":429,"date":"2023-04-11T13:36:24","date_gmt":"2023-04-11T11:36:24","guid":{"rendered":"https:\/\/hestija5.wordpress.com\/?page_id=429"},"modified":"2023-04-11T13:36:24","modified_gmt":"2023-04-11T11:36:24","slug":"aktivnosti","status":"publish","type":"page","link":"https:\/\/hestijaudruzenje.rs\/?page_id=429","title":{"rendered":"AKTIVNOSTI"},"content":{"rendered":"\n<div class=\"wp-block-jetpack-layout-grid alignfull column1-desktop-grid__span-5 column1-desktop-grid__start-2 column1-desktop-grid__row-1 column2-desktop-grid__span-4 column2-desktop-grid__start-8 column2-desktop-grid__row-1 column1-tablet-grid__span-4 column1-tablet-grid__row-1 column2-tablet-grid__span-4 column2-tablet-grid__start-5 column2-tablet-grid__row-1 column1-mobile-grid__span-4 column1-mobile-grid__row-1 column2-mobile-grid__span-4 column2-mobile-grid__row-2\">\n<div class=\"wp-block-jetpack-layout-grid-column wp-block-jetpack-layout-grid__padding-none\">\n<div style=\"height:96px\" aria-hidden=\"true\" class=\"wp-block-spacer\"><\/div>\n\n\n\n<figure class=\"wp-block-image size-full\"><img decoding=\"async\" src=\"https:\/\/hestijaudruzenje.rs\/wp-content\/uploads\/2023\/04\/pexels-photo-6146822-1-3.jpeg\" alt=\"\" class=\"wp-image-444\" \/><\/figure>\n\n\n\n<p class=\"has-primary-color has-text-color has-large-font-size\"><strong>GRUPE ZA PODR\u0160KU <\/strong><\/p>\n\n\n\n<p class=\"has-small-font-size\">Organizujemo grupe za podr\u0161ku obolelima i porodicama obolelih od poreme\u0107aja u ishrani. Na na\u0161em sajtu se mo\u017eete informisati o terminima grupa, ili se javiti na na\u0161 kontakt. Grupe vode stru\u010dna lica u saradnji sa roditeljima\/starateljima.<\/p>\n\n\n\n<div style=\"height:100px\" aria-hidden=\"true\" class=\"wp-block-spacer\"><\/div>\n<\/div>\n\n\n\n<div class=\"wp-block-jetpack-layout-grid-column wp-block-jetpack-layout-grid__padding-none\"><div class=\"wp-block-image\">\n<figure class=\"aligncenter size-full is-resized\"><img decoding=\"async\" loading=\"lazy\" src=\"https:\/\/hestijaudruzenje.rs\/wp-content\/uploads\/2023\/04\/pexels-photo-4582760.jpeg\" alt=\"\" class=\"wp-image-434\" width=\"270\" height=\"405\" \/><\/figure><\/div>\n\n\n<p class=\"has-primary-color has-text-color has-large-font-size\"><strong>RADIONICE<\/strong> <strong>ZA U\u010cENIKE OSNOVNIH \u0160KOLA<\/strong><\/p>\n\n\n\n<p class=\"has-small-font-size\">Edukacije, \u0161irenje svesti, istra\u017eivanje na\u010dina na koje u\u010denici mogu da cene sve ono \u0161to njihovo telo radi, razmi\u0161ljati o svim vrednostima koje hrana donosi u na\u0161e \u017eivote, baciti svetlo na rasprostranjene medijske poruke, razgovarati o preno\u0161enju brige o sebi i ljudima oko njih.<\/p>\n<\/div>\n<\/div>\n\n\n\n<div class=\"wp-block-jetpack-layout-grid alignfull column1-desktop-grid__span-4 column1-desktop-grid__start-2 column1-desktop-grid__row-1 column2-desktop-grid__span-5 column2-desktop-grid__start-7 column2-desktop-grid__row-1 column1-tablet-grid__span-4 column1-tablet-grid__row-1 column2-tablet-grid__span-4 column2-tablet-grid__start-5 column2-tablet-grid__row-1 column1-mobile-grid__span-4 column1-mobile-grid__row-1 column2-mobile-grid__span-4 column2-mobile-grid__row-2\">\n<div class=\"wp-block-jetpack-layout-grid-column wp-block-jetpack-layout-grid__padding-none\">\n<figure class=\"wp-block-image size-full\"><img decoding=\"async\" src=\"https:\/\/hestijaudruzenje.rs\/wp-content\/uploads\/2023\/04\/pexels-photo-8419163-2.jpeg\" alt=\"\" class=\"wp-image-436\" \/><\/figure>\n\n\n\n<p class=\"has-primary-color has-text-color has-large-font-size\"><strong>RADIONICE ZA SREDNJO\u0160KOLCE<\/strong><\/p>\n\n\n\n<p class=\"has-small-font-size\">Edukacije, radionice o kulturi ishrane. Otkrivanje lepljive istine mnogih postova na dru\u0161tveninm mre\u017eama o kultu idealnog izgleda i utacaja na psihi\u010dko stanje \u010doveka, uklju\u010divanje kriti\u010dkih diskusija o razgovorima usredsredjenih na zdravlje, podela informacija o va\u017enosti hrane, popunjavanje UPITNIKA koji poma\u017eu ranom otkrivanju bolesti , podela ostalih resursa za u\u010denike da pomognu svojim vr\u0161njscims ako primete zabrinutost.<\/p>\n\n\n\n<div style=\"height:32px\" aria-hidden=\"true\" class=\"wp-block-spacer\"><\/div>\n<\/div>\n\n\n\n<div class=\"wp-block-jetpack-layout-grid-column wp-block-jetpack-layout-grid__padding-none\">\n<figure class=\"wp-block-image size-large is-resized\"><img decoding=\"async\" loading=\"lazy\" src=\"https:\/\/hestijaudruzenje.rs\/wp-content\/uploads\/2023\/04\/pexels-photo-3184317-2.jpeg?w=750\" alt=\"\" class=\"wp-image-432\" width=\"354\" height=\"235\" \/><\/figure>\n\n\n\n<p class=\"has-primary-color has-text-color has-large-font-size\"><strong>RADIONICE<\/strong> <strong>ZA VASPITA\u010cE I NASTAVNIKE<\/strong><\/p>\n\n\n\n<p class=\"has-small-font-size\">Organizujemo radionice za vaspita\u010de i pomo\u0107no osoblje tako da mogu nau\u010diti ve\u0161tine i alate koji su potrebni u ranom prepoznavanju poreme\u0107aja u ishrani. Razvijanje pristupa prevenciji poreme\u0107aja u ishrani, uklju\u010duju\u0107i nastavni plan i program.<\/p>\n<\/div>\n<\/div>\n\n\n\n<p><\/p>\n","protected":false},"excerpt":{"rendered":"<p>GRUPE ZA PODR\u0160KU Organizujemo grupe za podr\u0161ku obolelima i porodicama obolelih od poreme\u0107aja u ishrani. Na na\u0161em sajtu se mo\u017eete informisati o terminima grupa, ili se javiti na na\u0161 kontakt. Grupe vode stru\u010dna lica u saradnji sa roditeljima\/starateljima. RADIONICE ZA U\u010cENIKE OSNOVNIH \u0160KOLA Edukacije, \u0161irenje svesti, istra\u017eivanje na\u010dina na koje u\u010denici mogu da cene sve<a class=\"more-link\" href=\"https:\/\/hestijaudruzenje.rs\/?page_id=429\">Continue reading <span class=\"screen-reader-text\">&#8220;AKTIVNOSTI&#8221;<\/span><\/a><\/p>\n","protected":false},"author":1,"featured_media":0,"parent":0,"menu_order":0,"comment_status":"closed","ping_status":"closed","template":"","meta":[],"_links":{"self":[{"href":"https:\/\/hestijaudruzenje.rs\/index.php?rest_route=\/wp\/v2\/pages\/429"}],"collection":[{"href":"https:\/\/hestijaudruzenje.rs\/index.php?rest_route=\/wp\/v2\/pages"}],"about":[{"href":"https:\/\/hestijaudruzenje.rs\/index.php?rest_route=\/wp\/v2\/types\/page"}],"author":[{"embeddable":true,"href":"https:\/\/hestijaudruzenje.rs\/index.php?rest_route=\/wp\/v2\/users\/1"}],"replies":[{"embeddable":true,"href":"https:\/\/hestijaudruzenje.rs\/index.php?rest_route=%2Fwp%2Fv2%2Fcomments&post=429"}],"version-history":[{"count":0,"href":"https:\/\/hestijaudruzenje.rs\/index.php?rest_route=\/wp\/v2\/pages\/429\/revisions"}],"wp:attachment":[{"href":"https:\/\/hestijaudruzenje.rs\/index.php?rest_route=%2Fwp%2Fv2%2Fmedia&parent=429"}],"curies":[{"name":"wp","href":"https:\/\/api.w.org\/{rel}","templated":true}]}}