{"id":8,"date":"2023-04-04T12:05:33","date_gmt":"2023-04-04T10:05:33","guid":{"rendered":"https:\/\/hestija5.wordpress.com\/about\/"},"modified":"2023-04-04T12:05:33","modified_gmt":"2023-04-04T10:05:33","slug":"about","status":"publish","type":"page","link":"https:\/\/hestijaudruzenje.rs\/?page_id=8","title":{"rendered":"O NAMA"},"content":{"rendered":"\n<hr class=\"wp-block-separator has-css-opacity is-style-wide\" \/>\n\n\n\n<div style=\"height:32px\" aria-hidden=\"true\" class=\"wp-block-spacer desktop-only\"><\/div>\n\n\n\n<figure class=\"wp-block-image size-large\"><img decoding=\"async\" loading=\"lazy\" width=\"640\" height=\"360\" src=\"https:\/\/hestijaudruzenje.rs\/wp-content\/uploads\/2023\/04\/logo_hestija.jpg?w=640\" alt=\"\" class=\"wp-image-173\" srcset=\"https:\/\/hestijaudruzenje.rs\/wp-content\/uploads\/2023\/04\/logo_hestija.jpg 640w, https:\/\/hestijaudruzenje.rs\/wp-content\/uploads\/2023\/04\/logo_hestija-300x169.jpg 300w\" sizes=\"(max-width: 640px) 100vw, 640px\" \/><\/figure>\n\n\n\n<p class=\"has-text-align-left\">Udru\u017eenje je osnovano 2022. godine sa idejom da se podigne svest i informisanost o ovim ozbiljnim oboljenjima koja su sve prisutnija u na\u0161em dru\u0161tvu. Isto tako, udru\u017eenje se bavi i prevencijom. Organizujemo tribine i grupe za podr\u0161ku obolelima i porodicama.<\/p>\n\n\n\n<p>Jedan od ciljeva nam je edukacija gra\u0111ana na o\u010duvanju i unapre\u0111enju mentalnog zdravlja, a posebno mladih i njihovih roditelja, unapre\u0111enje zdravstvene i socijalne za\u0161tite, javno zalaganje za podsticanje preventivnih postupaka i uspostavljanje rane detekcije bolesti poreme\u0107aja u ishrani, unapre\u0111enje zdravlja i \u017eivota obolelih, promovisananje obrazovanja, nauke i informisanja, za\u0161tite obolelih lica, kao i pru\u017eanje podr\u0161ke porodicama koje imaju \u010dlanove sa poreme\u0107ajima ishrane.<\/p>\n\n\n\n<p><\/p>\n\n\n\n<hr class=\"wp-block-separator has-css-opacity is-style-wide\" \/>\n","protected":false},"excerpt":{"rendered":"<p>Udru\u017eenje je osnovano 2022. godine sa idejom da se podigne svest i informisanost o ovim ozbiljnim oboljenjima koja su sve prisutnija u na\u0161em dru\u0161tvu. Isto tako, udru\u017eenje se bavi i prevencijom. Organizujemo tribine i grupe za podr\u0161ku obolelima i porodicama. Jedan od ciljeva nam je edukacija gra\u0111ana na o\u010duvanju i unapre\u0111enju mentalnog zdravlja, a posebno<a class=\"more-link\" href=\"https:\/\/hestijaudruzenje.rs\/?page_id=8\">Continue reading <span class=\"screen-reader-text\">&#8220;O NAMA&#8221;<\/span><\/a><\/p>\n","protected":false},"author":1,"featured_media":0,"parent":0,"menu_order":1,"comment_status":"closed","ping_status":"closed","template":"","meta":[],"_links":{"self":[{"href":"https:\/\/hestijaudruzenje.rs\/index.php?rest_route=\/wp\/v2\/pages\/8"}],"collection":[{"href":"https:\/\/hestijaudruzenje.rs\/index.php?rest_route=\/wp\/v2\/pages"}],"about":[{"href":"https:\/\/hestijaudruzenje.rs\/index.php?rest_route=\/wp\/v2\/types\/page"}],"author":[{"embeddable":true,"href":"https:\/\/hestijaudruzenje.rs\/index.php?rest_route=\/wp\/v2\/users\/1"}],"replies":[{"embeddable":true,"href":"https:\/\/hestijaudruzenje.rs\/index.php?rest_route=%2Fwp%2Fv2%2Fcomments&post=8"}],"version-history":[{"count":0,"href":"https:\/\/hestijaudruzenje.rs\/index.php?rest_route=\/wp\/v2\/pages\/8\/revisions"}],"wp:attachment":[{"href":"https:\/\/hestijaudruzenje.rs\/index.php?rest_route=%2Fwp%2Fv2%2Fmedia&parent=8"}],"curies":[{"name":"wp","href":"https:\/\/api.w.org\/{rel}","templated":true}]}}